{"id":1851,"date":"2021-09-17T14:48:48","date_gmt":"2021-09-17T12:48:48","guid":{"rendered":"https:\/\/usvacosmetics.fi\/?page_id=1851"},"modified":"2022-05-30T12:42:56","modified_gmt":"2022-05-30T10:42:56","slug":"register","status":"publish","type":"page","link":"https:\/\/usvacosmetics.fi\/en\/register\/","title":{"rendered":"Luo tili"},"content":{"rendered":"<div data-elementor-type=\"wp-page\" data-elementor-id=\"1851\" class=\"elementor elementor-1851\">\n\t\t\t\t\t\t<section class=\"elementor-section elementor-top-section elementor-element elementor-element-04e8acc elementor-section-boxed elementor-section-height-default elementor-section-height-default\" data-id=\"04e8acc\" data-element_type=\"section\" data-e-type=\"section\">\n\t\t\t\t\t\t<div class=\"elementor-container elementor-column-gap-default\">\n\t\t\t\t\t<div class=\"elementor-column elementor-col-100 elementor-top-column elementor-element elementor-element-2e5830b\" data-id=\"2e5830b\" data-element_type=\"column\" data-e-type=\"column\">\n\t\t\t<div class=\"elementor-widget-wrap elementor-element-populated\">\n\t\t\t\t\t\t<div class=\"elementor-element elementor-element-a602852 elementor-widget elementor-widget-heading\" data-id=\"a602852\" data-element_type=\"widget\" data-e-type=\"widget\" data-widget_type=\"heading.default\">\n\t\t\t\t<div class=\"elementor-widget-container\">\n\t\t\t\t\t<h2 class=\"elementor-heading-title elementor-size-default\">REKISTER\u00d6IDY<\/h2>\t\t\t\t<\/div>\n\t\t\t\t<\/div>\n\t\t\t\t\t<\/div>\n\t\t<\/div>\n\t\t\t\t\t<\/div>\n\t\t<\/section>\n\t\t\t\t<section class=\"elementor-section elementor-top-section elementor-element elementor-element-11d67c8 elementor-section-boxed elementor-section-height-default elementor-section-height-default\" data-id=\"11d67c8\" data-element_type=\"section\" data-e-type=\"section\">\n\t\t\t\t\t\t<div class=\"elementor-container elementor-column-gap-default\">\n\t\t\t\t\t<div class=\"elementor-column elementor-col-50 elementor-top-column elementor-element elementor-element-71459b4\" data-id=\"71459b4\" data-element_type=\"column\" data-e-type=\"column\">\n\t\t\t<div class=\"elementor-widget-wrap elementor-element-populated\">\n\t\t\t\t\t\t<div class=\"elementor-element elementor-element-8a829cc elementor-widget elementor-widget-shortcode\" data-id=\"8a829cc\" data-element_type=\"widget\" data-e-type=\"widget\" data-widget_type=\"shortcode.default\">\n\t\t\t\t<div class=\"elementor-widget-container\">\n\t\t\t\t\t\t\t<div class=\"elementor-shortcode\"><div class=\"woocommerce-notices-wrapper\"><\/div><ul class=\"owp-account-links\"><li class=\"login\"><a href=\"#\" class=\"owp-account-link current\">KIRJAUDU SIS\u00c4\u00c4N<\/a><\/li><li class=\"or\">Or<\/li><li class=\"register\"><a href=\"#\" class=\"owp-account-link\">Rekister\u00f6idy<\/a><\/li><\/ul>      <form method=\"post\" class=\"woocommerce-form woocommerce-form-register register\" action=\"\"  >\r\n \r\n                    <p class=\"form-row form-row-first\">\r\n           <label for=\"reg_billing_first_name\">First name<span class=\"required\">*<\/span><\/label>\r\n           <input type=\"text\" class=\"input-text\" name=\"billing_first_name\" id=\"reg_billing_first_name\" value=\"\" \/>\r\n           <\/p>\r\n           <p class=\"form-row form-row-last\">\r\n           <label for=\"reg_billing_last_name\">Last name<span class=\"required\">*<\/span><\/label>\r\n           <input type=\"text\" class=\"input-text\" name=\"billing_last_name\" id=\"reg_billing_last_name\" value=\"\" \/>\r\n           <\/p>\r\n           <div class=\"clear\"><\/div>\r\n            \r\n         <p class=\"woocommerce-form-row woocommerce-form-row--wide form-row form-row-wide\">\r\n            <label for=\"reg_email\">Email address <span class=\"required\">*<\/span><\/label>\r\n            <input type=\"email\" class=\"woocommerce-Input woocommerce-Input--text input-text\" name=\"email\" id=\"reg_email\" autocomplete=\"email\" value=\"\" \/>         <\/p>\r\n \r\n          \r\n            <p class=\"woocommerce-form-row woocommerce-form-row--wide form-row form-row-wide\">\r\n               <label for=\"reg_password\">Salasana <span class=\"required\">*<\/span><\/label>\r\n               <input type=\"password\" class=\"woocommerce-Input woocommerce-Input--text input-text\" name=\"password\" id=\"reg_password\" autocomplete=\"new-password\" \/>\r\n            <\/p>\r\n \r\n          \r\n         <p class=\"form-row form-row-wide mailchimp-newsletter\"><label for=\"mailchimp_woocommerce_newsletter\" class=\"woocommerce-form__label woocommerce-form__label-for-checkbox inline\"><input class=\"woocommerce-form__input woocommerce-form__input-checkbox input-checkbox\" id=\"mailchimp_woocommerce_newsletter\" type=\"checkbox\" name=\"mailchimp_woocommerce_newsletter\" value=\"1\"> <span>Offers, news and promotions delivered straight to your inbox a few times a year<\/span><\/label><\/p><div class=\"clear\"><\/div><wc-order-attribution-inputs><\/wc-order-attribution-inputs><div class=\"woocommerce-privacy-policy-text\"><\/div> \r\n         <p class=\"woocommerce-FormRow form-row\">\r\n            <input type=\"hidden\" id=\"woocommerce-register-nonce\" name=\"woocommerce-register-nonce\" value=\"1723333ce4\" \/><input type=\"hidden\" name=\"_wp_http_referer\" value=\"\/en\/wp-json\/wp\/v2\/pages\/1851\" \/>            <button type=\"submit\" class=\"woocommerce-Button woocommerce-button button woocommerce-form-register__submit\" name=\"register\" value=\"Rekister\u00f6idy\" data-no-translation=\"\" data-trp-gettext=\"\" data-no-translation-value=\"\">Rekister\u00f6idy<\/button>\r\n         <\/p>\r\n \r\n          \r\n      <input type=\"hidden\" name=\"trp-form-language\" value=\"en\"\/><\/form>\r\n \r\n   <\/div>\n\t\t\t\t\t\t<\/div>\n\t\t\t\t<\/div>\n\t\t\t\t\t<\/div>\n\t\t<\/div>\n\t\t\t\t<div class=\"elementor-column elementor-col-50 elementor-top-column elementor-element elementor-element-e859e2d\" data-id=\"e859e2d\" data-element_type=\"column\" data-e-type=\"column\">\n\t\t\t<div class=\"elementor-widget-wrap elementor-element-populated\">\n\t\t\t\t\t\t<div class=\"elementor-element elementor-element-62c363c elementor-widget elementor-widget-text-editor\" data-id=\"62c363c\" data-element_type=\"widget\" data-e-type=\"widget\" data-widget_type=\"text-editor.default\">\n\t\t\t\t<div class=\"elementor-widget-container\">\n\t\t\t\t\t\t\t\t\t<h3 class=\"section mt-reset\">Rekister\u00f6idyn asiakkaan etuja<\/h3>\n<ul class=\"tick\">\n<li>Tallennetun osoitteen ansiosta teet tilauksesi nopeammin<\/li>\n<li>N\u00e4et tilauksesi tilan<\/li>\n<li>Voit tarkastella tilaushistoriaasi<\/li>\n<li>Voit keskeytt\u00e4\u00e4 ostoksesi ja ostoskorisi j\u00e4\u00e4 muistiin, jolloin voit jatkaa ostoksiasi my\u00f6hemmin<\/li>\n<\/ul>\n<p>Oliko sinulla jo tili? <span style=\"text-decoration: underline;\"><a href=\"https:\/\/usvacosmetics.fi\/en\/login\/\">Kirjaudu sis\u00e4\u00e4n<\/a><\/span><\/p>\t\t\t\t\t\t\t\t<\/div>\n\t\t\t\t<\/div>\n\t\t\t\t\t<\/div>\n\t\t<\/div>\n\t\t\t\t\t<\/div>\n\t\t<\/section>\n\t\t\t\t<\/div>","protected":false},"excerpt":{"rendered":"<p>REKISTER\u00d6IDY Rekister\u00f6idyn asiakkaan etuja Tallennetun osoitteen ansiosta teet tilauksesi nopeammin N\u00e4et tilauksesi tilan Voit tarkastella tilaushistoriaasi Voit keskeytt\u00e4\u00e4 ostoksesi ja ostoskorisi j\u00e4\u00e4 muistiin, jolloin voit jatkaa ostoksiasi my\u00f6hemmin Oliko sinulla jo tili? Kirjaudu sis\u00e4\u00e4n<\/p>","protected":false},"author":1,"featured_media":0,"parent":0,"menu_order":0,"comment_status":"closed","ping_status":"closed","template":"","meta":{"_monsterinsights_skip_tracking":false,"_monsterinsights_sitenote_active":false,"_monsterinsights_sitenote_note":"","_monsterinsights_sitenote_category":0,"ocean_post_layout":"","ocean_both_sidebars_style":"","ocean_both_sidebars_content_width":0,"ocean_both_sidebars_sidebars_width":0,"ocean_sidebar":"0","ocean_second_sidebar":"0","ocean_disable_margins":"enable","ocean_add_body_class":"","ocean_shortcode_before_top_bar":"","ocean_shortcode_after_top_bar":"","ocean_shortcode_before_header":"","ocean_shortcode_after_header":"","ocean_has_shortcode":"","ocean_shortcode_after_title":"","ocean_shortcode_before_footer_widgets":"","ocean_shortcode_after_footer_widgets":"","ocean_shortcode_before_footer_bottom":"","ocean_shortcode_after_footer_bottom":"","ocean_display_top_bar":"default","ocean_display_header":"default","ocean_header_style":"","ocean_center_header_left_menu":"0","ocean_custom_header_template":"0","ocean_custom_logo":0,"ocean_custom_retina_logo":0,"ocean_custom_logo_max_width":0,"ocean_custom_logo_tablet_max_width":0,"ocean_custom_logo_mobile_max_width":0,"ocean_custom_logo_max_height":0,"ocean_custom_logo_tablet_max_height":0,"ocean_custom_logo_mobile_max_height":0,"ocean_header_custom_menu":"0","ocean_menu_typo_font_family":"0","ocean_menu_typo_font_subset":"","ocean_menu_typo_font_size":0,"ocean_menu_typo_font_size_tablet":0,"ocean_menu_typo_font_size_mobile":0,"ocean_menu_typo_font_size_unit":"px","ocean_menu_typo_font_weight":"","ocean_menu_typo_font_weight_tablet":"","ocean_menu_typo_font_weight_mobile":"","ocean_menu_typo_transform":"","ocean_menu_typo_transform_tablet":"","ocean_menu_typo_transform_mobile":"","ocean_menu_typo_line_height":0,"ocean_menu_typo_line_height_tablet":0,"ocean_menu_typo_line_height_mobile":0,"ocean_menu_typo_line_height_unit":"","ocean_menu_typo_spacing":0,"ocean_menu_typo_spacing_tablet":0,"ocean_menu_typo_spacing_mobile":0,"ocean_menu_typo_spacing_unit":"","ocean_menu_link_color":"","ocean_menu_link_color_hover":"","ocean_menu_link_color_active":"","ocean_menu_link_background":"","ocean_menu_link_hover_background":"","ocean_menu_link_active_background":"","ocean_menu_social_links_bg":"","ocean_menu_social_hover_links_bg":"","ocean_menu_social_links_color":"","ocean_menu_social_hover_links_color":"","ocean_disable_title":"default","ocean_disable_heading":"default","ocean_post_title":"","ocean_post_subheading":"","ocean_post_title_style":"","ocean_post_title_background_color":"","ocean_post_title_background":0,"ocean_post_title_bg_image_position":"","ocean_post_title_bg_image_attachment":"","ocean_post_title_bg_image_repeat":"","ocean_post_title_bg_image_size":"","ocean_post_title_height":0,"ocean_post_title_bg_overlay":0.5,"ocean_post_title_bg_overlay_color":"","ocean_disable_breadcrumbs":"default","ocean_breadcrumbs_color":"","ocean_breadcrumbs_separator_color":"","ocean_breadcrumbs_links_color":"","ocean_breadcrumbs_links_hover_color":"","ocean_display_footer_widgets":"default","ocean_display_footer_bottom":"default","ocean_custom_footer_template":"0","footnotes":""},"class_list":["post-1851","page","type-page","status-publish","hentry","entry","owp-thumbs-layout-horizontal","owp-btn-big","owp-tabs-layout-horizontal","has-no-thumbnails"],"_links":{"self":[{"href":"https:\/\/usvacosmetics.fi\/en\/wp-json\/wp\/v2\/pages\/1851","targetHints":{"allow":["GET"]}}],"collection":[{"href":"https:\/\/usvacosmetics.fi\/en\/wp-json\/wp\/v2\/pages"}],"about":[{"href":"https:\/\/usvacosmetics.fi\/en\/wp-json\/wp\/v2\/types\/page"}],"author":[{"embeddable":true,"href":"https:\/\/usvacosmetics.fi\/en\/wp-json\/wp\/v2\/users\/1"}],"replies":[{"embeddable":true,"href":"https:\/\/usvacosmetics.fi\/en\/wp-json\/wp\/v2\/comments?post=1851"}],"version-history":[{"count":70,"href":"https:\/\/usvacosmetics.fi\/en\/wp-json\/wp\/v2\/pages\/1851\/revisions"}],"predecessor-version":[{"id":9385,"href":"https:\/\/usvacosmetics.fi\/en\/wp-json\/wp\/v2\/pages\/1851\/revisions\/9385"}],"wp:attachment":[{"href":"https:\/\/usvacosmetics.fi\/en\/wp-json\/wp\/v2\/media?parent=1851"}],"curies":[{"name":"wp","href":"https:\/\/api.w.org\/{rel}","templated":true}]}}